{"id":461,"date":"2019-12-04T00:07:59","date_gmt":"2019-12-03T23:07:59","guid":{"rendered":"http:\/\/juanfracabas.com\/?page_id=461"},"modified":"2025-07-29T14:34:22","modified_gmt":"2025-07-29T12:34:22","slug":"politica-de-privacidad","status":"publish","type":"page","link":"https:\/\/juanfracabas.com\/index.php\/politica-de-privacidad\/","title":{"rendered":"Pol\u00edtica de Privacidad"},"content":{"rendered":"<h1>Pol\u00edtica de Privacidad<\/h1>\n<p>En cumplimiento de la materia vigente en materia de Protecci\u00f3n de Datos personales, le informamos que los datos personales facilitados por los usuarios de esta Web en sus distintos formularios ser\u00e1n incorporados y tratados en uno o m\u00e1s ficheros titularidad de JUAN FRANCISCO CABAS RABAL con la finalidad de gestionar su solicitud, as\u00ed como para mantenerle informado, incluso por la v\u00eda electr\u00f3nica, de futuras noticias y novedades relacionadas con nuestra empresa.<\/p>\n<p>Los datos que se solicitan en los distintos formularios marcados con asterisco (*) son los estrictamente necesarios para poder proporcionarles el servicio solicitado o poder contactar con el usuario.<\/p>\n<p>El usuario garantiza la veracidad de los datos personales proporcionados, siendo el \u00fanico responsable de cualquier da\u00f1o o perjuicio, directo o indirecto, que pudiera ocasionar a JUAN FRANCISCO CABAS RABAL a causa de la cumplimentaci\u00f3n de los formularios con datos falsos, inexactos o incompletos.<\/p>\n<p>En caso de que el usuario incluya datos personales de terceras personas deber\u00e1, con car\u00e1cter previo a su inclusi\u00f3n, informarles de lo establecido en la presente pol\u00edtica de privacidad, siendo el \u00fanico responsable de su inclusi\u00f3n.<\/p>\n<p>JUAN FRANCISCO CABAS RABAL se compromete a no ceder los datos de car\u00e1cter personal facilitados por los usuarios de esta web a terceras personas o empresas sin el consentimiento previo, expreso, informado e inequ\u00edvoco del afectado.<\/p>\n<p>Los usuarios pueden ejercitar derechos de acceso, rectificaci\u00f3n, cancelaci\u00f3n, limitaci\u00f3n del tratamiento, oposici\u00f3n y portabilidad reconocidos en la actual legislaci\u00f3n mediante comunicaci\u00f3n escrita al responsable del tratamiento que se cita abajo, o a la direcci\u00f3n de correo: hola@juanfracabas.com o mediante el formulario de ejercicio de derechos proporcionado en la base de datos antes indicada.<\/p>\n<p>La aceptaci\u00f3n de los t\u00e9rminos expuestos en esta pol\u00edtica de privacidad es necesaria para el env\u00edo y transmisi\u00f3n de la solicitud realizada, y es posible que tambi\u00e9n se le solicite su consentimiento para el tratamiento de sus datos facilitados.<\/p>\n<p>&nbsp;<\/p>\n<p><strong>Responsable del Tratamiento:\u00a0 <\/strong>JUAN FRANCISCO CABAS RABAL.<\/p>\n","protected":false},"excerpt":{"rendered":"<p>Pol\u00edtica de Privacidad En cumplimiento de la materia vigente en materia de Protecci\u00f3n de Datos personales, le informamos que los datos personales facilitados por los usuarios de esta Web en sus distintos formularios ser\u00e1n incorporados y tratados en uno o m\u00e1s ficheros titularidad de JUAN FRANCISCO CABAS RABAL con la finalidad de gestionar su solicitud, [&hellip;]<\/p>\n","protected":false},"author":1,"featured_media":0,"parent":0,"menu_order":0,"comment_status":"closed","ping_status":"closed","template":"","meta":{"footnotes":"","_joinchat":[]},"yoast_head":"<!-- This site is optimized with the Yoast SEO plugin v23.5 - https:\/\/yoast.com\/wordpress\/plugins\/seo\/ -->\n<title>Pol\u00edtica de Privacidad &#8212; Juanfra Cabas<\/title>\n<meta name=\"description\" content=\"Pol\u00edtica de privacidad de la web de Juanfra Cabas, en cumplimiento de la materia vigente en materia de Protecci\u00f3n de Datos personales.\" \/>\n<meta name=\"robots\" content=\"index, follow, max-snippet:-1, max-image-preview:large, max-video-preview:-1\" \/>\n<link rel=\"canonical\" href=\"https:\/\/juanfracabas.com\/index.php\/politica-de-privacidad\/\" \/>\n<meta property=\"og:locale\" content=\"es_ES\" \/>\n<meta property=\"og:type\" content=\"article\" \/>\n<meta property=\"og:title\" content=\"Pol\u00edtica de Privacidad &#8212; Juanfra Cabas\" \/>\n<meta property=\"og:description\" content=\"Pol\u00edtica de privacidad de la web de Juanfra Cabas, en cumplimiento de la materia vigente en materia de Protecci\u00f3n de Datos personales.\" \/>\n<meta property=\"og:url\" content=\"https:\/\/juanfracabas.com\/index.php\/politica-de-privacidad\/\" \/>\n<meta property=\"og:site_name\" content=\"Juanfra Cabas\" \/>\n<meta property=\"article:modified_time\" content=\"2025-07-29T12:34:22+00:00\" \/>\n<meta property=\"og:image\" content=\"https:\/\/juanfracabas.com\/wp-content\/uploads\/2017\/08\/JUANFRA-LOGO-e1616523380134.png\" \/>\n\t<meta property=\"og:image:width\" content=\"300\" \/>\n\t<meta property=\"og:image:height\" content=\"199\" \/>\n\t<meta property=\"og:image:type\" content=\"image\/png\" \/>\n<meta name=\"twitter:card\" content=\"summary_large_image\" \/>\n<meta name=\"twitter:label1\" content=\"Tiempo de lectura\" \/>\n\t<meta name=\"twitter:data1\" content=\"2 minutos\" \/>\n<script type=\"application\/ld+json\" class=\"yoast-schema-graph\">{\"@context\":\"https:\/\/schema.org\",\"@graph\":[{\"@type\":\"WebPage\",\"@id\":\"https:\/\/juanfracabas.com\/index.php\/politica-de-privacidad\/\",\"url\":\"https:\/\/juanfracabas.com\/index.php\/politica-de-privacidad\/\",\"name\":\"Pol\u00edtica de Privacidad &#8212; Juanfra Cabas\",\"isPartOf\":{\"@id\":\"https:\/\/juanfracabas.com\/#website\"},\"datePublished\":\"2019-12-03T23:07:59+00:00\",\"dateModified\":\"2025-07-29T12:34:22+00:00\",\"description\":\"Pol\u00edtica de privacidad de la web de Juanfra Cabas, en cumplimiento de la materia vigente en materia de Protecci\u00f3n de Datos personales.\",\"breadcrumb\":{\"@id\":\"https:\/\/juanfracabas.com\/index.php\/politica-de-privacidad\/#breadcrumb\"},\"inLanguage\":\"es\",\"potentialAction\":[{\"@type\":\"ReadAction\",\"target\":[\"https:\/\/juanfracabas.com\/index.php\/politica-de-privacidad\/\"]}]},{\"@type\":\"BreadcrumbList\",\"@id\":\"https:\/\/juanfracabas.com\/index.php\/politica-de-privacidad\/#breadcrumb\",\"itemListElement\":[{\"@type\":\"ListItem\",\"position\":1,\"name\":\"Portada\",\"item\":\"https:\/\/juanfracabas.com\/\"},{\"@type\":\"ListItem\",\"position\":2,\"name\":\"Pol\u00edtica de Privacidad\"}]},{\"@type\":\"WebSite\",\"@id\":\"https:\/\/juanfracabas.com\/#website\",\"url\":\"https:\/\/juanfracabas.com\/\",\"name\":\"Juanfra Cabas Marketing Digital\",\"description\":\"Marketing Digital\",\"publisher\":{\"@id\":\"https:\/\/juanfracabas.com\/#organization\"},\"potentialAction\":[{\"@type\":\"SearchAction\",\"target\":{\"@type\":\"EntryPoint\",\"urlTemplate\":\"https:\/\/juanfracabas.com\/?s={search_term_string}\"},\"query-input\":{\"@type\":\"PropertyValueSpecification\",\"valueRequired\":true,\"valueName\":\"search_term_string\"}}],\"inLanguage\":\"es\"},{\"@type\":\"Organization\",\"@id\":\"https:\/\/juanfracabas.com\/#organization\",\"name\":\"Juanfra Cabas - Marketing Digital\",\"url\":\"https:\/\/juanfracabas.com\/\",\"logo\":{\"@type\":\"ImageObject\",\"inLanguage\":\"es\",\"@id\":\"https:\/\/juanfracabas.com\/#\/schema\/logo\/image\/\",\"url\":\"https:\/\/juanfracabas.com\/wp-content\/uploads\/2017\/08\/JUANFRA-LOGO-e1616523380134.png\",\"contentUrl\":\"https:\/\/juanfracabas.com\/wp-content\/uploads\/2017\/08\/JUANFRA-LOGO-e1616523380134.png\",\"width\":300,\"height\":199,\"caption\":\"Juanfra Cabas - Marketing Digital\"},\"image\":{\"@id\":\"https:\/\/juanfracabas.com\/#\/schema\/logo\/image\/\"}}]}<\/script>\n<!-- \/ Yoast SEO plugin. -->","yoast_head_json":{"title":"Pol\u00edtica de Privacidad &#8212; Juanfra Cabas","description":"Pol\u00edtica de privacidad de la web de Juanfra Cabas, en cumplimiento de la materia vigente en materia de Protecci\u00f3n de Datos personales.","robots":{"index":"index","follow":"follow","max-snippet":"max-snippet:-1","max-image-preview":"max-image-preview:large","max-video-preview":"max-video-preview:-1"},"canonical":"https:\/\/juanfracabas.com\/index.php\/politica-de-privacidad\/","og_locale":"es_ES","og_type":"article","og_title":"Pol\u00edtica de Privacidad &#8212; Juanfra Cabas","og_description":"Pol\u00edtica de privacidad de la web de Juanfra Cabas, en cumplimiento de la materia vigente en materia de Protecci\u00f3n de Datos personales.","og_url":"https:\/\/juanfracabas.com\/index.php\/politica-de-privacidad\/","og_site_name":"Juanfra Cabas","article_modified_time":"2025-07-29T12:34:22+00:00","og_image":[{"width":300,"height":199,"url":"https:\/\/juanfracabas.com\/wp-content\/uploads\/2017\/08\/JUANFRA-LOGO-e1616523380134.png","type":"image\/png"}],"twitter_card":"summary_large_image","twitter_misc":{"Tiempo de lectura":"2 minutos"},"schema":{"@context":"https:\/\/schema.org","@graph":[{"@type":"WebPage","@id":"https:\/\/juanfracabas.com\/index.php\/politica-de-privacidad\/","url":"https:\/\/juanfracabas.com\/index.php\/politica-de-privacidad\/","name":"Pol\u00edtica de Privacidad &#8212; Juanfra Cabas","isPartOf":{"@id":"https:\/\/juanfracabas.com\/#website"},"datePublished":"2019-12-03T23:07:59+00:00","dateModified":"2025-07-29T12:34:22+00:00","description":"Pol\u00edtica de privacidad de la web de Juanfra Cabas, en cumplimiento de la materia vigente en materia de Protecci\u00f3n de Datos personales.","breadcrumb":{"@id":"https:\/\/juanfracabas.com\/index.php\/politica-de-privacidad\/#breadcrumb"},"inLanguage":"es","potentialAction":[{"@type":"ReadAction","target":["https:\/\/juanfracabas.com\/index.php\/politica-de-privacidad\/"]}]},{"@type":"BreadcrumbList","@id":"https:\/\/juanfracabas.com\/index.php\/politica-de-privacidad\/#breadcrumb","itemListElement":[{"@type":"ListItem","position":1,"name":"Portada","item":"https:\/\/juanfracabas.com\/"},{"@type":"ListItem","position":2,"name":"Pol\u00edtica de Privacidad"}]},{"@type":"WebSite","@id":"https:\/\/juanfracabas.com\/#website","url":"https:\/\/juanfracabas.com\/","name":"Juanfra Cabas Marketing Digital","description":"Marketing Digital","publisher":{"@id":"https:\/\/juanfracabas.com\/#organization"},"potentialAction":[{"@type":"SearchAction","target":{"@type":"EntryPoint","urlTemplate":"https:\/\/juanfracabas.com\/?s={search_term_string}"},"query-input":{"@type":"PropertyValueSpecification","valueRequired":true,"valueName":"search_term_string"}}],"inLanguage":"es"},{"@type":"Organization","@id":"https:\/\/juanfracabas.com\/#organization","name":"Juanfra Cabas - Marketing Digital","url":"https:\/\/juanfracabas.com\/","logo":{"@type":"ImageObject","inLanguage":"es","@id":"https:\/\/juanfracabas.com\/#\/schema\/logo\/image\/","url":"https:\/\/juanfracabas.com\/wp-content\/uploads\/2017\/08\/JUANFRA-LOGO-e1616523380134.png","contentUrl":"https:\/\/juanfracabas.com\/wp-content\/uploads\/2017\/08\/JUANFRA-LOGO-e1616523380134.png","width":300,"height":199,"caption":"Juanfra Cabas - Marketing Digital"},"image":{"@id":"https:\/\/juanfracabas.com\/#\/schema\/logo\/image\/"}}]}},"_links":{"self":[{"href":"https:\/\/juanfracabas.com\/index.php\/wp-json\/wp\/v2\/pages\/461"}],"collection":[{"href":"https:\/\/juanfracabas.com\/index.php\/wp-json\/wp\/v2\/pages"}],"about":[{"href":"https:\/\/juanfracabas.com\/index.php\/wp-json\/wp\/v2\/types\/page"}],"author":[{"embeddable":true,"href":"https:\/\/juanfracabas.com\/index.php\/wp-json\/wp\/v2\/users\/1"}],"replies":[{"embeddable":true,"href":"https:\/\/juanfracabas.com\/index.php\/wp-json\/wp\/v2\/comments?post=461"}],"version-history":[{"count":6,"href":"https:\/\/juanfracabas.com\/index.php\/wp-json\/wp\/v2\/pages\/461\/revisions"}],"predecessor-version":[{"id":594,"href":"https:\/\/juanfracabas.com\/index.php\/wp-json\/wp\/v2\/pages\/461\/revisions\/594"}],"wp:attachment":[{"href":"https:\/\/juanfracabas.com\/index.php\/wp-json\/wp\/v2\/media?parent=461"}],"curies":[{"name":"wp","href":"https:\/\/api.w.org\/{rel}","templated":true}]}}